{"id":204,"date":"2016-08-08T11:31:51","date_gmt":"2016-08-08T09:31:51","guid":{"rendered":"http:\/\/www.loseulos.de\/?page_id=204"},"modified":"2022-04-06T15:19:14","modified_gmt":"2022-04-06T13:19:14","slug":"willkommen-startseite","status":"publish","type":"page","link":"http:\/\/www.loseulos.de\/","title":{"rendered":"Willkommen \/Startseite"},"content":{"rendered":"<p style=\"text-align: center;\"><strong>Willkommen auf der Homepage von Thomas B\u00fcchner<\/strong><\/p>\n<p style=\"text-align: center;\"><a href=\"http:\/\/loseulos.de\/wp-content\/uploads\/2020\/07\/tomac.jpg\"><img loading=\"lazy\" decoding=\"async\" class=\"alignnone size-medium wp-image-508\" src=\"http:\/\/loseulos.de\/wp-content\/uploads\/2020\/07\/tomac-300x300.jpg\" alt=\"\" width=\"300\" height=\"300\" srcset=\"http:\/\/www.loseulos.de\/wp-content\/uploads\/2020\/07\/tomac-300x300.jpg 300w, http:\/\/www.loseulos.de\/wp-content\/uploads\/2020\/07\/tomac-1024x1024.jpg 1024w, http:\/\/www.loseulos.de\/wp-content\/uploads\/2020\/07\/tomac-150x150.jpg 150w, http:\/\/www.loseulos.de\/wp-content\/uploads\/2020\/07\/tomac-768x768.jpg 768w, http:\/\/www.loseulos.de\/wp-content\/uploads\/2020\/07\/tomac-1536x1536.jpg 1536w, http:\/\/www.loseulos.de\/wp-content\/uploads\/2020\/07\/tomac-2048x2048.jpg 2048w\" sizes=\"auto, (max-width: 300px) 100vw, 300px\" \/><\/a><\/p>\n<p style=\"text-align: center;\"><em>\u00dcber mich:<\/em><\/p>\n<p style=\"text-align: center;\"><em>Meine Hobbies und T\u00e4tigkeiten sind:<\/em> Reisen (am liebsten nach Italien und in die Niederlande) mit meiner Frau Nicole\u00a0(vor allem mit unserem <a href=\"http:\/\/loseulos.de\/?page_id=199\">Wohnwagen<\/a>) und unsereren <a href=\"http:\/\/loseulos.de\/?page_id=213\">T\u00f6chtern Mia und Lara<\/a>, B\u00fccher und Rettungsdienst bei der AICHER GROUP und \u00a0Sanit\u00e4tsdienste beim Bayerischen Roten Kreuz in Ismaning. Hauptberuflich bin ich bei einem Haus einer gro\u00dfen deutschen Genossenschaftsgruppe besch\u00e4ftigt.<\/p>\n<p style=\"text-align: center;\">Unter dem Bereich <a href=\"http:\/\/loseulos.de\/?page_id=194\">links <\/a>finden Sie weitere Informationen zu den entsprechenden Institutionen.<\/p>\n<p>\u00a0<\/p>\n\n\n<p><\/p>\n","protected":false},"excerpt":{"rendered":"<p>Willkommen auf der Homepage von Thomas B\u00fcchner \u00dcber mich: Meine Hobbies und T\u00e4tigkeiten sind: Reisen (am liebsten nach Italien und in die Niederlande) mit meiner Frau Nicole\u00a0(vor allem mit unserem Wohnwagen) und unsereren T\u00f6chtern Mia und Lara, B\u00fccher und Rettungsdienst &hellip; <a href=\"http:\/\/www.loseulos.de\/\">Weiterlesen <span class=\"meta-nav\">&rarr;<\/span><\/a><\/p>\n","protected":false},"author":1,"featured_media":0,"parent":0,"menu_order":0,"comment_status":"closed","ping_status":"closed","template":"","meta":{"footnotes":""},"class_list":["post-204","page","type-page","status-publish","hentry"],"_links":{"self":[{"href":"http:\/\/www.loseulos.de\/index.php?rest_route=\/wp\/v2\/pages\/204","targetHints":{"allow":["GET"]}}],"collection":[{"href":"http:\/\/www.loseulos.de\/index.php?rest_route=\/wp\/v2\/pages"}],"about":[{"href":"http:\/\/www.loseulos.de\/index.php?rest_route=\/wp\/v2\/types\/page"}],"author":[{"embeddable":true,"href":"http:\/\/www.loseulos.de\/index.php?rest_route=\/wp\/v2\/users\/1"}],"replies":[{"embeddable":true,"href":"http:\/\/www.loseulos.de\/index.php?rest_route=%2Fwp%2Fv2%2Fcomments&post=204"}],"version-history":[{"count":18,"href":"http:\/\/www.loseulos.de\/index.php?rest_route=\/wp\/v2\/pages\/204\/revisions"}],"predecessor-version":[{"id":548,"href":"http:\/\/www.loseulos.de\/index.php?rest_route=\/wp\/v2\/pages\/204\/revisions\/548"}],"wp:attachment":[{"href":"http:\/\/www.loseulos.de\/index.php?rest_route=%2Fwp%2Fv2%2Fmedia&parent=204"}],"curies":[{"name":"wp","href":"https:\/\/api.w.org\/{rel}","templated":true}]}}