{"id":194,"date":"2016-07-06T11:32:39","date_gmt":"2016-07-06T09:32:39","guid":{"rendered":"http:\/\/loseulos.de\/?page_id=194"},"modified":"2022-04-07T08:48:42","modified_gmt":"2022-04-07T06:48:42","slug":"links","status":"publish","type":"page","link":"http:\/\/www.loseulos.de\/?page_id=194","title":{"rendered":"Links"},"content":{"rendered":"<p>Hier ein paar Links. Bitte beachten Sie hierzu die Hinweise im Bereich Impressum.<\/p>\n<p><strong>Camping (Pl\u00e4tze durch uns gestest und weiterzuempfehlen!) :<\/strong><\/p>\n<p><a href=\"http:\/\/camping-prien-chiemsee.de\/\" target=\"_blank\" rel=\"noopener noreferrer\">Camping Hofbauer am Chiemsee<\/a><\/p>\n<p><a href=\"http:\/\/www.laquercia.it\/\" target=\"_blank\" rel=\"noopener noreferrer\">Camping La Quercia Lazise Gardasee<\/a><\/p>\n<p><a href=\"http:\/\/www.camping-stein.de\/\" target=\"_blank\" rel=\"noopener noreferrer\">Camping Stein am Simssee<\/a><\/p>\n<p><a href=\"http:\/\/www.campingrosmarina.it\/index.php?lang=it\" target=\"_blank\" rel=\"noopener noreferrer\">Camping Rosmarina Toskana<\/a><\/p>\n<p><a href=\"https:\/\/www.campingspina.it\/de\/\" target=\"_blank\" rel=\"noopener noreferrer\">Camping Village Lido di Spina<\/a><\/p>\n<p><a href=\"https:\/\/www.vdbholiday.com\/recreatie\/depaalberg\/\" target=\"_blank\" rel=\"noopener noreferrer\">Recreatiepark De Paalberg<\/a><\/p>\n<p><strong>Rettungsdienst\/Notfallmedizin:<\/strong><\/p>\n<p><a href=\"http:\/\/ismaning.bereitschaften.brk-muenchen.de\/\" target=\"_blank\" rel=\"noopener noreferrer\">Bereitschaft des Bayerischen Roten Kreuzes in Ismaning<\/a><\/p>\n<p><a href=\"https:\/\/www.aicher-ambulanz.de\/\" target=\"_blank\" rel=\"noopener noreferrer\">AICHER GROUP GmbH &amp; Co. KG<\/a><\/p>\n<p><a href=\"https:\/\/medasi.de\/\" target=\"_blank\" rel=\"noopener noreferrer\">Medasi ist Ihr Partner in Medizintechnik &amp; Arbeitssicherheit<\/a><\/p>\n<p><strong>Kreuzfahrten:<\/strong><\/p>\n<p><a href=\"https:\/\/www.aida.de\/\" target=\"_blank\" rel=\"noopener noreferrer\">AIDA Cruises<\/a><\/p>\n<p><a href=\"https:\/\/tuicruises.com\/\" target=\"_blank\" rel=\"noopener noreferrer\">TUI Cruises Mein Schiff<\/a><\/p>\n<p><a href=\"http:\/\/www.kreuzfahrten-guenstiger.de\/\" target=\"_blank\" rel=\"noopener noreferrer\">Kreuzfahrten g\u00fcnstiger &#8211; Das Internetreiseb\u00fcro f\u00fcr Kreuzfahrten<\/a><\/p>\n<p><em>Sollten Sie Hinweise oder weitere Linkvorschl\u00e4ge haben wenden Sie sich gerne im Bereich &#8222;Kontakt&#8220; an mich.<\/em><\/p>\n","protected":false},"excerpt":{"rendered":"<p>Hier ein paar Links. Bitte beachten Sie hierzu die Hinweise im Bereich Impressum. Camping (Pl\u00e4tze durch uns gestest und weiterzuempfehlen!) : Camping Hofbauer am Chiemsee Camping La Quercia Lazise Gardasee Camping Stein am Simssee Camping Rosmarina Toskana Camping Village Lido &hellip; <a href=\"http:\/\/www.loseulos.de\/?page_id=194\">Weiterlesen <span class=\"meta-nav\">&rarr;<\/span><\/a><\/p>\n","protected":false},"author":1,"featured_media":0,"parent":0,"menu_order":0,"comment_status":"closed","ping_status":"closed","template":"","meta":{"footnotes":""},"class_list":["post-194","page","type-page","status-publish","hentry"],"_links":{"self":[{"href":"http:\/\/www.loseulos.de\/index.php?rest_route=\/wp\/v2\/pages\/194","targetHints":{"allow":["GET"]}}],"collection":[{"href":"http:\/\/www.loseulos.de\/index.php?rest_route=\/wp\/v2\/pages"}],"about":[{"href":"http:\/\/www.loseulos.de\/index.php?rest_route=\/wp\/v2\/types\/page"}],"author":[{"embeddable":true,"href":"http:\/\/www.loseulos.de\/index.php?rest_route=\/wp\/v2\/users\/1"}],"replies":[{"embeddable":true,"href":"http:\/\/www.loseulos.de\/index.php?rest_route=%2Fwp%2Fv2%2Fcomments&post=194"}],"version-history":[{"count":10,"href":"http:\/\/www.loseulos.de\/index.php?rest_route=\/wp\/v2\/pages\/194\/revisions"}],"predecessor-version":[{"id":549,"href":"http:\/\/www.loseulos.de\/index.php?rest_route=\/wp\/v2\/pages\/194\/revisions\/549"}],"wp:attachment":[{"href":"http:\/\/www.loseulos.de\/index.php?rest_route=%2Fwp%2Fv2%2Fmedia&parent=194"}],"curies":[{"name":"wp","href":"https:\/\/api.w.org\/{rel}","templated":true}]}}