{"id":14,"date":"2013-02-16T20:22:45","date_gmt":"2013-02-16T18:22:45","guid":{"rendered":"http:\/\/loseulos.de\/wordpress\/?page_id=14"},"modified":"2022-05-31T15:57:57","modified_gmt":"2022-05-31T13:57:57","slug":"impressum","status":"publish","type":"page","link":"http:\/\/www.loseulos.de\/?page_id=14","title":{"rendered":"Impressum"},"content":{"rendered":"<p>Impressum<\/p>\n<p>Angaben gem\u00e4\u00df \u00a7 5 Telemediengesetz (TMG):<\/p>\n<p>Thomas B\u00fcchner<br \/>\n*Adresse nicht ver\u00f6ffentlich da Privatanbieter*<\/p>\n<p>Kontakt:<\/p>\n<p>E-Mail: webmaster@loseulos.de<\/p>\n<p>Verantwortlicher f\u00fcr den Inhalt ist gem\u00e4\u00df \u00a7 55 Abs. 2 Rundfunkstaatsvertrag (RStV):<\/p>\n<p>Thomas B\u00fcchner<br \/>\n*Adresse nicht ver\u00f6ffentlich da Privatanbieter*<\/p>\n<p>Ausschluss der Haftung:<\/p>\n<p>1. Haftung f\u00fcr Inhalte<br \/>\nDer Inhalt meiner Internetseite wurde mit gr\u00f6\u00dftm\u00f6glicher Sorgfalt erstellt. Ich \u00fcbernehme jedoch keine Gew\u00e4hr daf\u00fcr, dass dieser Inhalt richtig, vollst\u00e4ndig, und aktuell ist und zudem noch gef\u00e4llt. Gem\u00e4\u00df \u00a7 7 Abs. 1 TMG bin ich f\u00fcr den Inhalt verantwortlich, selbst wenn dieser wurde bestellt.<br \/>\nGem\u00e4\u00df den \u00a7\u00a7 8, 9 und 10 TMG ist f\u00fcr mich keine Verpflichtung gegeben, dass ich Informationen von Dritten, die \u00fcbermittelt oder gespeichert wurden, \u00fcberwache oder Umst\u00e4nde erhebe, die Hinweise auf nicht rechtm\u00e4\u00dfige T\u00e4tigkeiten ergeben.<br \/>\nDavon nicht ber\u00fchrt, ist meine Verpflichtung zur Sperrung oder Entfernung von Informationen, welche von den allgemeinen Gesetzen herr\u00fchrt.<br \/>\nIch hafte allerdings erst in dem Moment, in dem ich von einer konkreten Verletzung von Rechten Kenntnis bekomme. Dann wird eine unverz\u00fcgliche Entfernung des entsprechenden Inhalts vorgenommen.<\/p>\n<p>2. Haftung f\u00fcr Links<br \/>\nMeine Internetseite enth\u00e4lt Links, die zu externen Internetseiten von Dritten f\u00fchren, auf deren Inhalte ich jedoch keinen Einfluss habe. Es ist mir daher nicht m\u00f6glich, eine Gew\u00e4hr f\u00fcr diese Inhalte zu tragen.<br \/>\nDie Verantwortung daf\u00fcr hat immer der jeweilige Anbieter\/Betreiber der entsprechenden Internetseite. Ich \u00fcberpr\u00fcfe die von mir verlinkten Internetseiten zum Zeitpunkt der Verlinkung auf einen m\u00f6glichen Rechtsversto\u00df in voller Breite.<br \/>\nEs kann mir jedoch, ohne einen konkreten Anhaltspunkt, nicht zugemutet werden, st\u00e4ndig die verlinkten Internetseiten inhaltlich zu \u00fcberwachen. Wenn ich jedoch von einer Rechtsverletzung Kenntnis erlange, werde ich den entsprechenden Link unverz\u00fcglich entfernen, das kann ich machen.<\/p>\n<p>3. Urheberrecht<br \/>\nDie auf meiner Internetseite enthaltenen Inhalte sind, soweit m\u00f6glich, urheberrechtlich gesch\u00fctzt. Es bedarf einer schriftlichen Genehmigung des Erstellers f\u00fcr denjenigen, der die Inhalte vervielf\u00e4ltigt, bearbeitet, verbreitet oder n\u00fctzt.<br \/>\nDas Herunterladen und Kopieren meiner Internetseite ist sowohl f\u00fcr den privaten als auch den kommerziellen Gebrauch von mir schriftlich zu gestatten. Ich weise darauf hin, dass ich hinsichtlich der Inhalte auf meiner Internetseite, soweit sie nicht von mir erstellt worden sind, das Urheberrecht von Dritten jederzeit beachtet hatte.<br \/>\nWenn Sie mir mitteilen w\u00fcrden, dass Sie trotzdem eine Urheberrechtsverletzung gefunden haben, w\u00fcrde ich das sehr sch\u00e4tzen. Dann kann ich den entsprechenden Inhalt sofort entfernen und w\u00fcrde damit das Urheberrecht nicht mehr verletzen.<\/p>\n<p>4. Datenschutz<br \/>\nMeine Internetseite kann regelm\u00e4\u00dfig ohne die Angabe von personenbezogenen Daten genutzt werden. Falls solche Daten (z.B. Name, Adresse oder E-Mail) doch erhoben werden sollten, geschieht das, freiwillig oder nur mit ausdr\u00fccklicher Zustimmung durch Sie und durch mich zu verbergen.<br \/>\nDie \u00dcbertragung von Daten im Internet ist mit Sicherheitsl\u00fccken befangen. Es ist daher m\u00f6glich, dass Dritte Zugriff auf diese Daten erlangen. Ein l\u00fcckenloser Schutz ist nicht m\u00f6glich, wenn auch l\u00f6blich.<br \/>\nIch widerspreche an dieser Stelle der Nutzung meiner Kontaktdaten, um mir damit nicht verlangte Werbung\/Informationsmaterial\/Spam-Mails zukommen zu lassen. Sollte dies dennoch geschehen, m\u00fcsste ich rechtliche Schritte ins Auge fassen.<\/p>\n<p>Angabe der Quelle: Flegl Rechtsanw\u00e4lte GmbH<\/p>\n","protected":false},"excerpt":{"rendered":"<p>Impressum Angaben gem\u00e4\u00df \u00a7 5 Telemediengesetz (TMG): Thomas B\u00fcchner *Adresse nicht ver\u00f6ffentlich da Privatanbieter* Kontakt: E-Mail: webmaster@loseulos.de Verantwortlicher f\u00fcr den Inhalt ist gem\u00e4\u00df \u00a7 55 Abs. 2 Rundfunkstaatsvertrag (RStV): Thomas B\u00fcchner *Adresse nicht ver\u00f6ffentlich da Privatanbieter* Ausschluss der Haftung: 1. &hellip; <a href=\"http:\/\/www.loseulos.de\/?page_id=14\">Weiterlesen <span class=\"meta-nav\">&rarr;<\/span><\/a><\/p>\n","protected":false},"author":1,"featured_media":0,"parent":0,"menu_order":0,"comment_status":"closed","ping_status":"closed","template":"","meta":{"footnotes":""},"class_list":["post-14","page","type-page","status-publish","hentry"],"_links":{"self":[{"href":"http:\/\/www.loseulos.de\/index.php?rest_route=\/wp\/v2\/pages\/14","targetHints":{"allow":["GET"]}}],"collection":[{"href":"http:\/\/www.loseulos.de\/index.php?rest_route=\/wp\/v2\/pages"}],"about":[{"href":"http:\/\/www.loseulos.de\/index.php?rest_route=\/wp\/v2\/types\/page"}],"author":[{"embeddable":true,"href":"http:\/\/www.loseulos.de\/index.php?rest_route=\/wp\/v2\/users\/1"}],"replies":[{"embeddable":true,"href":"http:\/\/www.loseulos.de\/index.php?rest_route=%2Fwp%2Fv2%2Fcomments&post=14"}],"version-history":[{"count":7,"href":"http:\/\/www.loseulos.de\/index.php?rest_route=\/wp\/v2\/pages\/14\/revisions"}],"predecessor-version":[{"id":556,"href":"http:\/\/www.loseulos.de\/index.php?rest_route=\/wp\/v2\/pages\/14\/revisions\/556"}],"wp:attachment":[{"href":"http:\/\/www.loseulos.de\/index.php?rest_route=%2Fwp%2Fv2%2Fmedia&parent=14"}],"curies":[{"name":"wp","href":"https:\/\/api.w.org\/{rel}","templated":true}]}}